{"id":2,"date":"2013-05-12T23:16:01","date_gmt":"2013-05-12T23:16:01","guid":{"rendered":"http:\/\/sikalido.se\/?page_id=2"},"modified":"2025-10-24T06:59:46","modified_gmt":"2025-10-24T06:59:46","slug":"about","status":"publish","type":"page","link":"https:\/\/sikalido.se\/","title":{"rendered":"V\u00e4lkommen!"},"content":{"rendered":"<p>V\u00e4lkommen till min hemsida! Jag \u00e4r konsult inom management, f\u00f6r\u00e4ndringsledning och organisationsutveckling. Dessutom skriver jag b\u00f6cker, f\u00f6rel\u00e4ser samt jobbar med individ- och teamutveckling.<\/p>\n<p>P\u00e5 den h\u00e4r webbplatsen hittar du mer information om hur jag kan hj\u00e4lpa er, min bakgrund och hur du kontaktar mig.<\/p>\n<p>V\u00e4lkommen att h\u00f6ra av dig!<\/p>\n<p><i>Aja Lind<\/i><\/p>\n<p><b>En av mina samarbetspartners Kvadrat AB beskriver mitt s\u00e4tt att arbeta s\u00e5 h\u00e4r:<\/b><\/p>\n<blockquote><p>&#8220;Aja har en f\u00f6rm\u00e5ga att f\u00f6rena fokus p\u00e5 verksamhetens m\u00e5l och effektivitet med engagemang och entusiasm hos medarbetare, kunder och leverant\u00f6rer. Hennes fr\u00e4msta egenskaper som f\u00f6r\u00e4ndringsledare, chef och projekt- eller programledare \u00e4r tydlighet, lyh\u00f6rdhet, professionalism, fingertoppsk\u00e4nsla, ett stort engagemang och ett positivt f\u00f6rh\u00e5llningss\u00e4tt.&#8221;<\/p><\/blockquote>\n<p>Fler citat fr\u00e5n Kvadrat AB finner du under de olika omr\u00e5desflikarna.<\/p>\n","protected":false},"excerpt":{"rendered":"<p>V\u00e4lkommen till min hemsida! Jag \u00e4r konsult inom management, f\u00f6r\u00e4ndringsledning och organisationsutveckling. Dessutom skriver jag b\u00f6cker, f\u00f6rel\u00e4ser samt jobbar med individ- och teamutveckling. P\u00e5 den h\u00e4r webbplatsen hittar du mer information om hur jag kan hj\u00e4lpa er, min bakgrund och hur du kontaktar mig. V\u00e4lkommen att h\u00f6ra av dig! Aja Lind En av mina samarbetspartners&#8230;<\/p>\n","protected":false},"author":1,"featured_media":543,"parent":0,"menu_order":1,"comment_status":"closed","ping_status":"closed","template":"","meta":{"footnotes":""},"class_list":["post-2","page","type-page","status-publish","has-post-thumbnail","hentry"],"_links":{"self":[{"href":"https:\/\/sikalido.se\/index.php?rest_route=\/wp\/v2\/pages\/2","targetHints":{"allow":["GET"]}}],"collection":[{"href":"https:\/\/sikalido.se\/index.php?rest_route=\/wp\/v2\/pages"}],"about":[{"href":"https:\/\/sikalido.se\/index.php?rest_route=\/wp\/v2\/types\/page"}],"author":[{"embeddable":true,"href":"https:\/\/sikalido.se\/index.php?rest_route=\/wp\/v2\/users\/1"}],"replies":[{"embeddable":true,"href":"https:\/\/sikalido.se\/index.php?rest_route=%2Fwp%2Fv2%2Fcomments&post=2"}],"version-history":[{"count":89,"href":"https:\/\/sikalido.se\/index.php?rest_route=\/wp\/v2\/pages\/2\/revisions"}],"predecessor-version":[{"id":743,"href":"https:\/\/sikalido.se\/index.php?rest_route=\/wp\/v2\/pages\/2\/revisions\/743"}],"wp:featuredmedia":[{"embeddable":true,"href":"https:\/\/sikalido.se\/index.php?rest_route=\/wp\/v2\/media\/543"}],"wp:attachment":[{"href":"https:\/\/sikalido.se\/index.php?rest_route=%2Fwp%2Fv2%2Fmedia&parent=2"}],"curies":[{"name":"wp","href":"https:\/\/api.w.org\/{rel}","templated":true}]}}