{"id":17,"date":"2013-05-12T21:42:57","date_gmt":"2013-05-12T21:42:57","guid":{"rendered":"http:\/\/sikalido.se\/?page_id=17"},"modified":"2025-10-23T18:28:07","modified_gmt":"2025-10-23T18:28:07","slug":"kurser","status":"publish","type":"page","link":"https:\/\/sikalido.se\/?page_id=17","title":{"rendered":"B\u00f6cker"},"content":{"rendered":"\n<figure class=\"wp-block-gallery has-nested-images columns-default is-cropped wp-block-gallery-1 is-layout-flex wp-block-gallery-is-layout-flex\">\n<figure class=\"wp-block-image size-large is-resized\"><a href=\"https:\/\/sikalido.se\/wp-content\/uploads\/2025\/10\/Lamna-honom-har.jpg\"><img loading=\"lazy\" decoding=\"async\" width=\"644\" height=\"985\" data-id=\"657\" src=\"https:\/\/sikalido.se\/wp-content\/uploads\/2025\/10\/Lamna-honom-har-644x985.jpg\" alt=\"\" class=\"wp-image-657\" style=\"width:188px;height:auto\" srcset=\"https:\/\/sikalido.se\/wp-content\/uploads\/2025\/10\/Lamna-honom-har-644x985.jpg 644w, https:\/\/sikalido.se\/wp-content\/uploads\/2025\/10\/Lamna-honom-har-196x300.jpg 196w, https:\/\/sikalido.se\/wp-content\/uploads\/2025\/10\/Lamna-honom-har-768x1175.jpg 768w, https:\/\/sikalido.se\/wp-content\/uploads\/2025\/10\/Lamna-honom-har-1004x1536.jpg 1004w, https:\/\/sikalido.se\/wp-content\/uploads\/2025\/10\/Lamna-honom-har-1339x2048.jpg 1339w, https:\/\/sikalido.se\/wp-content\/uploads\/2025\/10\/Lamna-honom-har.jpg 1435w\" sizes=\"auto, (max-width: 644px) 100vw, 644px\" \/><\/a><figcaption class=\"wp-element-caption\">ISBN: 978-91-986022-1-0<\/figcaption><\/figure>\n\n\n\n<figure class=\"wp-block-image size-large is-resized\"><a href=\"https:\/\/sikalido.se\/wp-content\/uploads\/2025\/10\/Leave-him-here.jpg\"><img loading=\"lazy\" decoding=\"async\" width=\"644\" height=\"927\" data-id=\"656\" src=\"https:\/\/sikalido.se\/wp-content\/uploads\/2025\/10\/Leave-him-here-644x927.jpg\" alt=\"\" class=\"wp-image-656\" style=\"width:190px;height:auto\" srcset=\"https:\/\/sikalido.se\/wp-content\/uploads\/2025\/10\/Leave-him-here-644x927.jpg 644w, https:\/\/sikalido.se\/wp-content\/uploads\/2025\/10\/Leave-him-here-208x300.jpg 208w, https:\/\/sikalido.se\/wp-content\/uploads\/2025\/10\/Leave-him-here-768x1106.jpg 768w, https:\/\/sikalido.se\/wp-content\/uploads\/2025\/10\/Leave-him-here-1067x1536.jpg 1067w, https:\/\/sikalido.se\/wp-content\/uploads\/2025\/10\/Leave-him-here-1422x2048.jpg 1422w, https:\/\/sikalido.se\/wp-content\/uploads\/2025\/10\/Leave-him-here.jpg 1520w\" sizes=\"auto, (max-width: 644px) 100vw, 644px\" \/><\/a><figcaption class=\"wp-element-caption\">ISBN: 978-91-8097-194-2<\/figcaption><\/figure>\n<\/figure>\n\n\n\n<blockquote class=\"wp-block-quote is-layout-flow wp-block-quote-is-layout-flow\">\n<p><strong>L\u00e4mna honom h\u00e4r<br><\/strong><em>N\u00e4r Jonas Jacobsson var tre m\u00e5nader gammal kunde l\u00e4karna konstatera att han var f\u00f6rlamad fr\u00e5n midjan och ned\u00e5t. Troligen skulle han bli liggande i en s\u00e4ng i hela sitt liv och budskapet till f\u00f6r\u00e4ldrarna var tydligt: \u201dL\u00e4mna honom h\u00e4r!\u201d.<\/em><strong>\u00a0<\/strong><\/p>\n<\/blockquote>\n\n\n\n<p><em>L\u00e4mna honom h\u00e4r<\/em> \u00e4r \u00e4r Jonas sj\u00e4lvbiografiska betraktelse om sin uppv\u00e4xt, sitt liv och sin idrottskarri\u00e4r genom utmaningar och motst\u00e5nd, gl\u00e4dje och bragd.\u00a0\u00a0Ber\u00e4ttelsen \u00e4r fylld av humor och bjuder p\u00e5 m\u00e5nga skratt. Boken riktar sig inte bara till den som \u00e4r intresserad av idrott utan till alla som vill l\u00e5ta sig inspireras och fascineras av en fantastisk historia som visar p\u00e5 vikten av att v\u00e5ga, f\u00f6r att ocks\u00e5 vinna n\u00e5got. <\/p>\n\n\n\n<p>Best\u00e4ll boken p\u00e5 <a href=\"https:\/\/www.adlibris.com\/sv\/bok\/lamna-honom-har-boken-om-jonas-jacobsson-varldens-framste-manliga-paralympier-9789198602210\">www.adlibris.se<\/a> eller <a href=\"https:\/\/www.bokus.com\/bok\/9789198602210\/lamna-honom-har-boken-om-jonas-jacobsson-varldens-framste-manliga-paralympier\/\">www.bokus.se<\/a> <\/p>\n\n\n\n<p><\/p>\n\n\n\n<blockquote class=\"wp-block-quote is-layout-flow wp-block-quote-is-layout-flow\">\n<p>Boken finns nu \u00e4ven \u00f6versatt till engelska: <em><strong>Leave him here<\/strong><\/em><\/p>\n<\/blockquote>\n\n\n\n<p>Best\u00e4ll den engelska versionen p\u00e5 <a href=\"https:\/\/www.adlibris.com\/sv\/bok\/leave-him-here-9789180971942\">www.adlibris.se<\/a> eller <a href=\"https:\/\/www.bokus.com\/bok\/9789180971942\/leave-him-here-the-story-of-jonas-jacobsson-the-worlds-greatest-male-paralympian\/\">www.bokus.se<\/a> <\/p>\n\n\n\n<div class=\"wp-block-group is-nowrap is-layout-flex wp-container-core-group-is-layout-ad2f72ca wp-block-group-is-layout-flex\">\n<p><strong>Viljan att vinna: bragdskytten Jonas Jacobsson<\/strong>\u00a0<br>Vi vill \u00e4ven tipsa om Anita Gullbergs bok om Jonas. Boken gavs ut 2009 och inneh\u00e5ller en inneh\u00e5llsrik, inspirerande och mycket intressant l\u00e4sning om Jonas liv i b\u00e5de ord och bild.<br>ISBN: 978-91-9775-631-0\u00a0<\/p>\n<\/div>\n\n\n<div class=\"wp-block-image\">\n<figure class=\"alignleft size-large\"><a href=\"https:\/\/sikalido.se\/wp-content\/uploads\/2025\/10\/Viljan-att-vinna.png\"><img loading=\"lazy\" decoding=\"async\" width=\"180\" height=\"237\" src=\"https:\/\/sikalido.se\/wp-content\/uploads\/2025\/10\/Viljan-att-vinna.png\" alt=\"\" class=\"wp-image-681\"\/><\/a><\/figure><\/div>","protected":false},"excerpt":{"rendered":"<p>L\u00e4mna honom h\u00e4rN\u00e4r Jonas Jacobsson var tre m\u00e5nader gammal kunde l\u00e4karna konstatera att han var f\u00f6rlamad fr\u00e5n midjan och ned\u00e5t. Troligen skulle han bli liggande i en s\u00e4ng i hela sitt liv och budskapet till f\u00f6r\u00e4ldrarna var tydligt: \u201dL\u00e4mna honom h\u00e4r!\u201d.\u00a0 L\u00e4mna honom h\u00e4r \u00e4r \u00e4r Jonas sj\u00e4lvbiografiska betraktelse om sin uppv\u00e4xt, sitt liv och&#8230;<\/p>\n","protected":false},"author":1,"featured_media":0,"parent":0,"menu_order":0,"comment_status":"open","ping_status":"open","template":"","meta":{"footnotes":""},"class_list":["post-17","page","type-page","status-publish","hentry"],"_links":{"self":[{"href":"https:\/\/sikalido.se\/index.php?rest_route=\/wp\/v2\/pages\/17","targetHints":{"allow":["GET"]}}],"collection":[{"href":"https:\/\/sikalido.se\/index.php?rest_route=\/wp\/v2\/pages"}],"about":[{"href":"https:\/\/sikalido.se\/index.php?rest_route=\/wp\/v2\/types\/page"}],"author":[{"embeddable":true,"href":"https:\/\/sikalido.se\/index.php?rest_route=\/wp\/v2\/users\/1"}],"replies":[{"embeddable":true,"href":"https:\/\/sikalido.se\/index.php?rest_route=%2Fwp%2Fv2%2Fcomments&post=17"}],"version-history":[{"count":78,"href":"https:\/\/sikalido.se\/index.php?rest_route=\/wp\/v2\/pages\/17\/revisions"}],"predecessor-version":[{"id":727,"href":"https:\/\/sikalido.se\/index.php?rest_route=\/wp\/v2\/pages\/17\/revisions\/727"}],"wp:attachment":[{"href":"https:\/\/sikalido.se\/index.php?rest_route=%2Fwp%2Fv2%2Fmedia&parent=17"}],"curies":[{"name":"wp","href":"https:\/\/api.w.org\/{rel}","templated":true}]}}